{"id":208,"date":"2023-03-10T17:08:06","date_gmt":"2023-03-10T17:08:06","guid":{"rendered":"https:\/\/oxfordpackaging.com.br\/?page_id=208"},"modified":"2024-03-26T17:26:36","modified_gmt":"2024-03-26T17:26:36","slug":"servicos-tecnicos","status":"publish","type":"page","link":"https:\/\/oxfordpackaging.com.br\/en\/technical-services\/","title":{"rendered":"Technical services"},"content":{"rendered":"<div data-elementor-type=\"wp-page\" data-elementor-id=\"208\" class=\"elementor elementor-208\" data-elementor-post-type=\"page\">\n\t\t\t\t<div class=\"elementor-element elementor-element-6e112a4 e-con-full e-flex e-con e-parent\" data-id=\"6e112a4\" data-element_type=\"container\" data-e-type=\"container\">\n\t\t\t\t<div class=\"elementor-element elementor-element-8163717 elementor-widget elementor-widget-shortcode\" data-id=\"8163717\" data-element_type=\"widget\" data-e-type=\"widget\" data-widget_type=\"shortcode.default\">\n\t\t\t\t\t\t\t<div class=\"elementor-shortcode\">\t\t<div data-elementor-type=\"container\" data-elementor-id=\"296\" class=\"elementor elementor-296\" data-elementor-post-type=\"elementor_library\">\n\t\t\t\t<div class=\"elementor-element elementor-element-7ec2c7 e-flex e-con-boxed e-con e-parent\" data-id=\"7ec2c7\" data-element_type=\"container\" data-e-type=\"container\" data-settings=\"{&quot;background_background&quot;:&quot;classic&quot;,&quot;shape_divider_bottom&quot;:&quot;triangle-asymmetrical&quot;,&quot;shape_divider_bottom_negative&quot;:&quot;yes&quot;}\">\n\t\t\t\t\t<div class=\"e-con-inner\">\n\t\t\t\t<div class=\"elementor-shape elementor-shape-bottom\" aria-hidden=\"true\" data-negative=\"true\">\n\t\t\t<svg xmlns=\"http:\/\/www.w3.org\/2000\/svg\" viewbox=\"0 0 1000 100\" preserveaspectratio=\"none\">\n\t<path class=\"elementor-shape-fill\" d=\"M737.9,94.7L0,0v100h1000V0L737.9,94.7z\"\/>\n<\/svg>\t\t<\/div>\n\t\t\t\t<div class=\"elementor-element elementor-element-2dd5287e elementor-widget elementor-widget-heading\" data-id=\"2dd5287e\" data-element_type=\"widget\" data-e-type=\"widget\" data-widget_type=\"heading.default\">\n\t\t\t\t\t<h2 class=\"elementor-heading-title elementor-size-default\">Technical services<\/h2>\t\t\t\t<\/div>\n\t\t\t\t\t<\/div>\n\t\t\t\t<\/div>\n\t\t\t\t<\/div>\n\t\t<\/div>\n\t\t\t\t\t\t<\/div>\n\t\t\t\t<\/div>\n\t\t<div class=\"elementor-element elementor-element-dce7f05 e-flex e-con-boxed e-con e-parent\" data-id=\"dce7f05\" data-element_type=\"container\" data-e-type=\"container\">\n\t\t\t\t\t<div class=\"e-con-inner\">\n\t\t<div class=\"elementor-element elementor-element-4f715c7 e-con-full e-flex e-con e-parent\" data-id=\"4f715c7\" data-element_type=\"container\" data-e-type=\"container\">\n\t\t\t\t<div class=\"elementor-element elementor-element-c0d6a34 elementor-widget elementor-widget-heading\" data-id=\"c0d6a34\" data-element_type=\"widget\" data-e-type=\"widget\" data-widget_type=\"heading.default\">\n\t\t\t\t\t<h3 class=\"elementor-heading-title elementor-size-default\">Technical Services &amp; <span class=\"destaque-heading\">Spare Parts<\/span><\/h3>\t\t\t\t<\/div>\n\t\t\t\t<div class=\"elementor-element elementor-element-c4d45d7 elementor-widget elementor-widget-text-editor\" data-id=\"c4d45d7\" data-element_type=\"widget\" data-e-type=\"widget\" data-widget_type=\"text-editor.default\">\n\t\t\t\t\t\t\t\t\t<p>Oxford Packaging&#039;s technical services provide customers with the security of a network of highly qualified and experienced applications experts ensuring assistance.<\/p><p>Main benefits of Oxford technical service:<\/p><ul><li>Consistent application;<\/li><li>Proven Torque Control<\/li><li>Mandrel solutions for all your leveling needs and leveling replacement parts<\/li><li>Reduce incorrect applications<\/li><li>Facilitate start-ups and conversions<\/li><li>Reduce scrap<\/li><li>Improve Overall Equipment Effectiveness (OEE)<\/li><\/ul>\t\t\t\t\t\t\t\t<\/div>\n\t\t\t\t<\/div>\n\t\t<div class=\"elementor-element elementor-element-dee13d6 e-con-full e-flex e-con e-parent\" data-id=\"dee13d6\" data-element_type=\"container\" data-e-type=\"container\">\n\t\t\t\t<div class=\"elementor-element elementor-element-8cb04e4 elementor-widget elementor-widget-image-carousel\" data-id=\"8cb04e4\" data-element_type=\"widget\" data-e-type=\"widget\" data-settings=\"{&quot;slides_to_show&quot;:&quot;1&quot;,&quot;navigation&quot;:&quot;none&quot;,&quot;lazyload&quot;:&quot;yes&quot;,&quot;effect&quot;:&quot;fade&quot;,&quot;autoplay&quot;:&quot;yes&quot;,&quot;pause_on_hover&quot;:&quot;yes&quot;,&quot;pause_on_interaction&quot;:&quot;yes&quot;,&quot;autoplay_speed&quot;:5000,&quot;infinite&quot;:&quot;yes&quot;,&quot;speed&quot;:500}\" data-widget_type=\"image-carousel.default\">\n\t\t\t\t\t\t\t<div class=\"elementor-image-carousel-wrapper swiper\" role=\"region\" aria-roledescription=\"carousel\" aria-label=\"Image carousel\" dir=\"ltr\">\n\t\t\t<div class=\"elementor-image-carousel swiper-wrapper\" aria-live=\"off\">\n\t\t\t\t\t\t\t\t<div class=\"swiper-slide\" role=\"group\" aria-roledescription=\"slide\" aria-label=\"1 of 6\"><figure class=\"swiper-slide-inner\"><img class=\"swiper-slide-image swiper-lazy\" data-src=\"https:\/\/oxfordpackaging.com.br\/wp-content\/uploads\/2023\/07\/peca-1-1024x1024.png\" alt=\"piece-1\" \/><div class=\"swiper-lazy-preloader\"><\/div><\/figure><\/div><div class=\"swiper-slide\" role=\"group\" aria-roledescription=\"slide\" aria-label=\"2 of 6\"><figure class=\"swiper-slide-inner\"><img class=\"swiper-slide-image swiper-lazy\" data-src=\"https:\/\/oxfordpackaging.com.br\/wp-content\/uploads\/2023\/07\/peca-2-1024x1024.png\" alt=\"piece-2\" \/><div class=\"swiper-lazy-preloader\"><\/div><\/figure><\/div><div class=\"swiper-slide\" role=\"group\" aria-roledescription=\"slide\" aria-label=\"3 of 6\"><figure class=\"swiper-slide-inner\"><img class=\"swiper-slide-image swiper-lazy\" data-src=\"https:\/\/oxfordpackaging.com.br\/wp-content\/uploads\/2023\/07\/peca-3-1024x1024.png\" alt=\"peca-3\" \/><div class=\"swiper-lazy-preloader\"><\/div><\/figure><\/div><div class=\"swiper-slide\" role=\"group\" aria-roledescription=\"slide\" aria-label=\"4 of 6\"><figure class=\"swiper-slide-inner\"><img class=\"swiper-slide-image swiper-lazy\" data-src=\"https:\/\/oxfordpackaging.com.br\/wp-content\/uploads\/2023\/07\/peca-4-1024x1024.png\" alt=\"piece-4\" \/><div class=\"swiper-lazy-preloader\"><\/div><\/figure><\/div><div class=\"swiper-slide\" role=\"group\" aria-roledescription=\"slide\" aria-label=\"5 of 6\"><figure class=\"swiper-slide-inner\"><img class=\"swiper-slide-image swiper-lazy\" data-src=\"https:\/\/oxfordpackaging.com.br\/wp-content\/uploads\/2023\/07\/peca-5-1024x1024.png\" alt=\"peca-5\" \/><div class=\"swiper-lazy-preloader\"><\/div><\/figure><\/div><div class=\"swiper-slide\" role=\"group\" aria-roledescription=\"slide\" aria-label=\"6 of 6\"><figure class=\"swiper-slide-inner\"><img class=\"swiper-slide-image swiper-lazy\" data-src=\"https:\/\/oxfordpackaging.com.br\/wp-content\/uploads\/2023\/07\/peca-6-1024x1024.png\" alt=\"peca-6\" \/><div class=\"swiper-lazy-preloader\"><\/div><\/figure><\/div>\t\t\t<\/div>\n\t\t\t\t\t\t\t\n\t\t\t\t\t\t\t\t\t<\/div>\n\t\t\t\t\t\t<\/div>\n\t\t\t\t<\/div>\n\t\t\t\t\t<\/div>\n\t\t\t\t<\/div>\n\t\t<div class=\"elementor-element elementor-element-bc76304 e-flex e-con-boxed e-con e-parent\" data-id=\"bc76304\" data-element_type=\"container\" data-e-type=\"container\" data-settings=\"{&quot;background_background&quot;:&quot;classic&quot;}\">\n\t\t\t\t\t<div class=\"e-con-inner\">\n\t\t<div class=\"elementor-element elementor-element-9982d45 e-con-full e-flex e-con e-parent\" data-id=\"9982d45\" data-element_type=\"container\" data-e-type=\"container\">\n\t\t\t\t<div class=\"elementor-element elementor-element-74f4a2a elementor-widget elementor-widget-heading\" data-id=\"74f4a2a\" data-element_type=\"widget\" data-e-type=\"widget\" data-widget_type=\"heading.default\">\n\t\t\t\t\t<h3 class=\"elementor-heading-title elementor-size-default\">Do you have any questions?<\/h3>\t\t\t\t<\/div>\n\t\t\t\t<div class=\"elementor-element elementor-element-a4f3849 elementor-widget elementor-widget-button\" data-id=\"a4f3849\" data-element_type=\"widget\" data-e-type=\"widget\" data-widget_type=\"button.default\">\n\t\t\t\t\t\t\t\t\t\t<a class=\"elementor-button elementor-button-link elementor-size-md\" href=\"https:\/\/oxfordpackaging.com.br\/en\/contact\/\">\n\t\t\t\t\t\t<span class=\"elementor-button-content-wrapper\">\n\t\t\t\t\t\t\t\t\t<span class=\"elementor-button-text\">Contact us<\/span>\n\t\t\t\t\t<\/span>\n\t\t\t\t\t<\/a>\n\t\t\t\t\t\t\t\t<\/div>\n\t\t\t\t<\/div>\n\t\t\t\t\t<\/div>\n\t\t\t\t<\/div>\n\t\t\t\t<\/div>","protected":false},"excerpt":{"rendered":"<p>Technical Services &amp; Spare Parts Oxford Packaging\u2019s technical services provide customers with the security of a network of highly qualified and experienced application specialists, ensuring assistance. Key benefits of Oxford\u2019s technical service: Consistent application; Proven torque control. Mandrel solutions for all your leveling and spare parts needs.<\/p>","protected":false},"author":1,"featured_media":795,"parent":0,"menu_order":0,"comment_status":"closed","ping_status":"closed","template":"","meta":{"_acf_changed":false,"footnotes":""},"class_list":["post-208","page","type-page","status-publish","has-post-thumbnail","hentry"],"blocksy_meta":{"styles_descriptor":{"styles":{"desktop":"","tablet":"","mobile":""},"google_fonts":[],"version":6}},"acf":[],"yoast_head":"<!-- This site is optimized with the Yoast SEO plugin v27.4 - https:\/\/yoast.com\/product\/yoast-seo-wordpress\/ -->\n<title>Servi\u00e7os T\u00e9cnicos - Oxford Packaging Solutions<\/title>\n<meta name=\"robots\" content=\"index, follow, max-snippet:-1, max-image-preview:large, max-video-preview:-1\" \/>\n<link rel=\"canonical\" href=\"https:\/\/oxfordpackaging.com.br\/en\/technical-services\/\" \/>\n<meta property=\"og:locale\" content=\"en_US\" \/>\n<meta property=\"og:type\" content=\"article\" \/>\n<meta property=\"og:title\" content=\"Servi\u00e7os T\u00e9cnicos - Oxford Packaging Solutions\" \/>\n<meta property=\"og:description\" content=\"Servi\u00e7os T\u00e9cnicos &#038; Spare Parts Os servi\u00e7os t\u00e9cnicos da Oxford Packaging fornecem aos clientes a seguran\u00e7a de uma rede de especialistas em aplica\u00e7\u00f5es altamente qualificados e experientes, garantindo assist\u00eancia. Principais benef\u00edcios do servi\u00e7o t\u00e9cnico da Oxford: Aplica\u00e7\u00e3o consistente; Controle de Torque Comprovado Solu\u00e7\u00f5es de mandris para todas as suas necessidades de nivelamento e pe\u00e7as de [&hellip;]\" \/>\n<meta property=\"og:url\" content=\"https:\/\/oxfordpackaging.com.br\/en\/technical-services\/\" \/>\n<meta property=\"og:site_name\" content=\"Oxford Packaging Solutions\" \/>\n<meta property=\"article:modified_time\" content=\"2024-03-26T17:26:36+00:00\" \/>\n<meta property=\"og:image\" content=\"https:\/\/oxfordpackaging.com.br\/wp-content\/uploads\/2023\/07\/bg-page.png\" \/>\n\t<meta property=\"og:image:width\" content=\"1606\" \/>\n\t<meta property=\"og:image:height\" content=\"504\" \/>\n\t<meta property=\"og:image:type\" content=\"image\/png\" \/>\n<meta name=\"twitter:card\" content=\"summary_large_image\" \/>\n<script type=\"application\/ld+json\" class=\"yoast-schema-graph\">{\"@context\":\"https:\\\/\\\/schema.org\",\"@graph\":[{\"@type\":\"WebPage\",\"@id\":\"https:\\\/\\\/oxfordpackaging.com.br\\\/technical-services\\\/\",\"url\":\"https:\\\/\\\/oxfordpackaging.com.br\\\/technical-services\\\/\",\"name\":\"Servi\u00e7os T\u00e9cnicos - Oxford Packaging Solutions\",\"isPartOf\":{\"@id\":\"https:\\\/\\\/oxfordpackaging.com.br\\\/#website\"},\"primaryImageOfPage\":{\"@id\":\"https:\\\/\\\/oxfordpackaging.com.br\\\/technical-services\\\/#primaryimage\"},\"image\":{\"@id\":\"https:\\\/\\\/oxfordpackaging.com.br\\\/technical-services\\\/#primaryimage\"},\"thumbnailUrl\":\"https:\\\/\\\/oxfordpackaging.com.br\\\/wp-content\\\/uploads\\\/2023\\\/07\\\/bg-page.png\",\"datePublished\":\"2023-03-10T17:08:06+00:00\",\"dateModified\":\"2024-03-26T17:26:36+00:00\",\"breadcrumb\":{\"@id\":\"https:\\\/\\\/oxfordpackaging.com.br\\\/technical-services\\\/#breadcrumb\"},\"inLanguage\":\"en-US\",\"potentialAction\":[{\"@type\":\"ReadAction\",\"target\":[\"https:\\\/\\\/oxfordpackaging.com.br\\\/technical-services\\\/\"]}]},{\"@type\":\"ImageObject\",\"inLanguage\":\"en-US\",\"@id\":\"https:\\\/\\\/oxfordpackaging.com.br\\\/technical-services\\\/#primaryimage\",\"url\":\"https:\\\/\\\/oxfordpackaging.com.br\\\/wp-content\\\/uploads\\\/2023\\\/07\\\/bg-page.png\",\"contentUrl\":\"https:\\\/\\\/oxfordpackaging.com.br\\\/wp-content\\\/uploads\\\/2023\\\/07\\\/bg-page.png\",\"width\":1606,\"height\":504},{\"@type\":\"BreadcrumbList\",\"@id\":\"https:\\\/\\\/oxfordpackaging.com.br\\\/technical-services\\\/#breadcrumb\",\"itemListElement\":[{\"@type\":\"ListItem\",\"position\":1,\"name\":\"In\u00edcio\",\"item\":\"https:\\\/\\\/oxfordpackaging.com.br\\\/\"},{\"@type\":\"ListItem\",\"position\":2,\"name\":\"Servi\u00e7os T\u00e9cnicos\"}]},{\"@type\":\"WebSite\",\"@id\":\"https:\\\/\\\/oxfordpackaging.com.br\\\/#website\",\"url\":\"https:\\\/\\\/oxfordpackaging.com.br\\\/\",\"name\":\"Oxford Packaging Solutions\",\"description\":\"Solu\u00e7\u00f5es em Embalagens\",\"publisher\":{\"@id\":\"https:\\\/\\\/oxfordpackaging.com.br\\\/#organization\"},\"potentialAction\":[{\"@type\":\"SearchAction\",\"target\":{\"@type\":\"EntryPoint\",\"urlTemplate\":\"https:\\\/\\\/oxfordpackaging.com.br\\\/?s={search_term_string}\"},\"query-input\":{\"@type\":\"PropertyValueSpecification\",\"valueRequired\":true,\"valueName\":\"search_term_string\"}}],\"inLanguage\":\"en-US\"},{\"@type\":\"Organization\",\"@id\":\"https:\\\/\\\/oxfordpackaging.com.br\\\/#organization\",\"name\":\"Oxford Packaging Solutions\",\"url\":\"https:\\\/\\\/oxfordpackaging.com.br\\\/\",\"logo\":{\"@type\":\"ImageObject\",\"inLanguage\":\"en-US\",\"@id\":\"https:\\\/\\\/oxfordpackaging.com.br\\\/#\\\/schema\\\/logo\\\/image\\\/\",\"url\":\"https:\\\/\\\/oxfordpackaging.com.br\\\/wp-content\\\/uploads\\\/2023\\\/03\\\/logo_global_branca.svg\",\"contentUrl\":\"https:\\\/\\\/oxfordpackaging.com.br\\\/wp-content\\\/uploads\\\/2023\\\/03\\\/logo_global_branca.svg\",\"width\":793,\"height\":246,\"caption\":\"Oxford Packaging Solutions\"},\"image\":{\"@id\":\"https:\\\/\\\/oxfordpackaging.com.br\\\/#\\\/schema\\\/logo\\\/image\\\/\"}}]}<\/script>\n<!-- \/ Yoast SEO plugin. -->","yoast_head_json":{"title":"Servi\u00e7os T\u00e9cnicos - Oxford Packaging Solutions","robots":{"index":"index","follow":"follow","max-snippet":"max-snippet:-1","max-image-preview":"max-image-preview:large","max-video-preview":"max-video-preview:-1"},"canonical":"https:\/\/oxfordpackaging.com.br\/en\/technical-services\/","og_locale":"en_US","og_type":"article","og_title":"Servi\u00e7os T\u00e9cnicos - Oxford Packaging Solutions","og_description":"Servi\u00e7os T\u00e9cnicos &#038; Spare Parts Os servi\u00e7os t\u00e9cnicos da Oxford Packaging fornecem aos clientes a seguran\u00e7a de uma rede de especialistas em aplica\u00e7\u00f5es altamente qualificados e experientes, garantindo assist\u00eancia. Principais benef\u00edcios do servi\u00e7o t\u00e9cnico da Oxford: Aplica\u00e7\u00e3o consistente; Controle de Torque Comprovado Solu\u00e7\u00f5es de mandris para todas as suas necessidades de nivelamento e pe\u00e7as de [&hellip;]","og_url":"https:\/\/oxfordpackaging.com.br\/en\/technical-services\/","og_site_name":"Oxford Packaging Solutions","article_modified_time":"2024-03-26T17:26:36+00:00","og_image":[{"width":1606,"height":504,"url":"https:\/\/oxfordpackaging.com.br\/wp-content\/uploads\/2023\/07\/bg-page.png","type":"image\/png"}],"twitter_card":"summary_large_image","schema":{"@context":"https:\/\/schema.org","@graph":[{"@type":"WebPage","@id":"https:\/\/oxfordpackaging.com.br\/technical-services\/","url":"https:\/\/oxfordpackaging.com.br\/technical-services\/","name":"Servi\u00e7os T\u00e9cnicos - Oxford Packaging Solutions","isPartOf":{"@id":"https:\/\/oxfordpackaging.com.br\/#website"},"primaryImageOfPage":{"@id":"https:\/\/oxfordpackaging.com.br\/technical-services\/#primaryimage"},"image":{"@id":"https:\/\/oxfordpackaging.com.br\/technical-services\/#primaryimage"},"thumbnailUrl":"https:\/\/oxfordpackaging.com.br\/wp-content\/uploads\/2023\/07\/bg-page.png","datePublished":"2023-03-10T17:08:06+00:00","dateModified":"2024-03-26T17:26:36+00:00","breadcrumb":{"@id":"https:\/\/oxfordpackaging.com.br\/technical-services\/#breadcrumb"},"inLanguage":"en-US","potentialAction":[{"@type":"ReadAction","target":["https:\/\/oxfordpackaging.com.br\/technical-services\/"]}]},{"@type":"ImageObject","inLanguage":"en-US","@id":"https:\/\/oxfordpackaging.com.br\/technical-services\/#primaryimage","url":"https:\/\/oxfordpackaging.com.br\/wp-content\/uploads\/2023\/07\/bg-page.png","contentUrl":"https:\/\/oxfordpackaging.com.br\/wp-content\/uploads\/2023\/07\/bg-page.png","width":1606,"height":504},{"@type":"BreadcrumbList","@id":"https:\/\/oxfordpackaging.com.br\/technical-services\/#breadcrumb","itemListElement":[{"@type":"ListItem","position":1,"name":"In\u00edcio","item":"https:\/\/oxfordpackaging.com.br\/"},{"@type":"ListItem","position":2,"name":"Servi\u00e7os T\u00e9cnicos"}]},{"@type":"WebSite","@id":"https:\/\/oxfordpackaging.com.br\/#website","url":"https:\/\/oxfordpackaging.com.br\/","name":"Oxford Packaging Solutions","description":"Solu\u00e7\u00f5es em Embalagens","publisher":{"@id":"https:\/\/oxfordpackaging.com.br\/#organization"},"potentialAction":[{"@type":"SearchAction","target":{"@type":"EntryPoint","urlTemplate":"https:\/\/oxfordpackaging.com.br\/?s={search_term_string}"},"query-input":{"@type":"PropertyValueSpecification","valueRequired":true,"valueName":"search_term_string"}}],"inLanguage":"en-US"},{"@type":"Organization","@id":"https:\/\/oxfordpackaging.com.br\/#organization","name":"Oxford Packaging Solutions","url":"https:\/\/oxfordpackaging.com.br\/","logo":{"@type":"ImageObject","inLanguage":"en-US","@id":"https:\/\/oxfordpackaging.com.br\/#\/schema\/logo\/image\/","url":"https:\/\/oxfordpackaging.com.br\/wp-content\/uploads\/2023\/03\/logo_global_branca.svg","contentUrl":"https:\/\/oxfordpackaging.com.br\/wp-content\/uploads\/2023\/03\/logo_global_branca.svg","width":793,"height":246,"caption":"Oxford Packaging Solutions"},"image":{"@id":"https:\/\/oxfordpackaging.com.br\/#\/schema\/logo\/image\/"}}]}},"_links":{"self":[{"href":"https:\/\/oxfordpackaging.com.br\/en\/wp-json\/wp\/v2\/pages\/208","targetHints":{"allow":["GET"]}}],"collection":[{"href":"https:\/\/oxfordpackaging.com.br\/en\/wp-json\/wp\/v2\/pages"}],"about":[{"href":"https:\/\/oxfordpackaging.com.br\/en\/wp-json\/wp\/v2\/types\/page"}],"author":[{"embeddable":true,"href":"https:\/\/oxfordpackaging.com.br\/en\/wp-json\/wp\/v2\/users\/1"}],"replies":[{"embeddable":true,"href":"https:\/\/oxfordpackaging.com.br\/en\/wp-json\/wp\/v2\/comments?post=208"}],"version-history":[{"count":55,"href":"https:\/\/oxfordpackaging.com.br\/en\/wp-json\/wp\/v2\/pages\/208\/revisions"}],"predecessor-version":[{"id":961,"href":"https:\/\/oxfordpackaging.com.br\/en\/wp-json\/wp\/v2\/pages\/208\/revisions\/961"}],"wp:featuredmedia":[{"embeddable":true,"href":"https:\/\/oxfordpackaging.com.br\/en\/wp-json\/wp\/v2\/media\/795"}],"wp:attachment":[{"href":"https:\/\/oxfordpackaging.com.br\/en\/wp-json\/wp\/v2\/media?parent=208"}],"curies":[{"name":"wp","href":"https:\/\/api.w.org\/{rel}","templated":true}]}}